{"id":382,"date":"2023-01-13T15:34:06","date_gmt":"2023-01-13T13:34:06","guid":{"rendered":"https:\/\/bibi-evo.com\/?page_id=382"},"modified":"2023-01-13T16:33:25","modified_gmt":"2023-01-13T14:33:25","slug":"mentions-legales","status":"publish","type":"page","link":"https:\/\/bibi-evo.com\/index.php\/mentions-legales\/","title":{"rendered":"Mentions L\u00e9gales"},"content":{"rendered":"\t\t<div data-elementor-type=\"wp-page\" data-elementor-id=\"382\" class=\"elementor elementor-382\">\n\t\t\t\t\t\t\t\t\t<section class=\"elementor-section elementor-top-section elementor-element elementor-element-7dfe128 elementor-section-boxed elementor-section-height-default elementor-section-height-default\" data-id=\"7dfe128\" data-element_type=\"section\">\n\t\t\t\t\t\t<div class=\"elementor-container elementor-column-gap-default\">\n\t\t\t\t\t<div class=\"elementor-column elementor-col-100 elementor-top-column elementor-element elementor-element-0555a24\" data-id=\"0555a24\" data-element_type=\"column\">\n\t\t\t<div class=\"elementor-widget-wrap elementor-element-populated\">\n\t\t\t\t\t\t\t\t<div class=\"elementor-element elementor-element-906ac54 elementor-widget elementor-widget-heading\" data-id=\"906ac54\" data-element_type=\"widget\" data-widget_type=\"heading.default\">\n\t\t\t\t<div class=\"elementor-widget-container\">\n\t\t\t<style>\/*! elementor - v3.9.2 - 21-12-2022 *\/\n.elementor-heading-title{padding:0;margin:0;line-height:1}.elementor-widget-heading .elementor-heading-title[class*=elementor-size-]>a{color:inherit;font-size:inherit;line-height:inherit}.elementor-widget-heading .elementor-heading-title.elementor-size-small{font-size:15px}.elementor-widget-heading .elementor-heading-title.elementor-size-medium{font-size:19px}.elementor-widget-heading .elementor-heading-title.elementor-size-large{font-size:29px}.elementor-widget-heading .elementor-heading-title.elementor-size-xl{font-size:39px}.elementor-widget-heading .elementor-heading-title.elementor-size-xxl{font-size:59px}<\/style><h2 class=\"elementor-heading-title elementor-size-default\">MENTIONS L\u00c9GALES<\/h2>\t\t<\/div>\n\t\t\t\t<\/div>\n\t\t\t\t<div class=\"elementor-element elementor-element-760cda6 elementor-widget elementor-widget-text-editor\" data-id=\"760cda6\" data-element_type=\"widget\" data-widget_type=\"text-editor.default\">\n\t\t\t\t<div class=\"elementor-widget-container\">\n\t\t\t<style>\/*! elementor - v3.9.2 - 21-12-2022 *\/\n.elementor-widget-text-editor.elementor-drop-cap-view-stacked .elementor-drop-cap{background-color:#818a91;color:#fff}.elementor-widget-text-editor.elementor-drop-cap-view-framed .elementor-drop-cap{color:#818a91;border:3px solid;background-color:transparent}.elementor-widget-text-editor:not(.elementor-drop-cap-view-default) .elementor-drop-cap{margin-top:8px}.elementor-widget-text-editor:not(.elementor-drop-cap-view-default) .elementor-drop-cap-letter{width:1em;height:1em}.elementor-widget-text-editor .elementor-drop-cap{float:left;text-align:center;line-height:1;font-size:50px}.elementor-widget-text-editor .elementor-drop-cap-letter{display:inline-block}<\/style>\t\t\t\t<p>Conform\u00e9ment aux disposi2ons de la loi n\u00b0 2004-575 du 21 juin 2004 pour la confiance en <br>l&rsquo;\u00e9conomie num\u00e9rique, il est pr\u00e9cis\u00e9 aux u2lisateurs du site Bibi Evo l&rsquo;iden2t\u00e9 des diff\u00e9rents <br>intervenants dans le cadre de sa r\u00e9alisa2on et de son suivi.<br>Edi$on du site <br>Le pr\u00e9sent site, accessible \u00e0 l\u2019URL www.bibi-evo.com (le \u00ab Site \u00bb), est \u00e9dit\u00e9 par :<br>LV COM, r\u00e9sidant 79 bd du P\u00e9rier, 06400 Cannes, de na2onalit\u00e9 Fran\u00e7aise (France), n\u00e9(e) <br>le 04\/06\/1997, inscrite au R.C.S. de CANNES sous le num\u00e9ro 918345000 RCS CANNES, <br>H\u00e9bergement<br>Le Site est h\u00e9berg\u00e9 par Hos2nger <br>Directeur de publica$on <br>Le Directeur de la publica2on du Site est LV COM.<br>Nous contacter <br>Par t\u00e9l\u00e9phone : +33756877870<br>Par email : contact@bibi-evo.com<br>Par courrier : 79 bd du P\u00e9rier, 06400 Cannes<br>Donn\u00e9es personnelles<br>Le traitement de vos donn\u00e9es \u00e0 caract\u00e8re personnel est r\u00e9gi par notre Charte du respect <br>de la vie priv\u00e9e, disponible depuis la sec2on \u00ab Poli2que de confiden2alit\u00e9\u00a0\u00bb, <br>conform\u00e9ment au R\u00e8glement G\u00e9n\u00e9ral sur la Protec2on des Donn\u00e9es 2016\/679 du 27 <br>avril 2016 (\u00abRGPD\u00bb).<\/p>\t\t\t\t\t\t<\/div>\n\t\t\t\t<\/div>\n\t\t\t\t\t<\/div>\n\t\t<\/div>\n\t\t\t\t\t\t\t<\/div>\n\t\t<\/section>\n\t\t\t\t<section class=\"elementor-section elementor-top-section elementor-element elementor-element-245b32e7 elementor-section-stretched elementor-section-boxed elementor-section-height-default elementor-section-height-default\" data-id=\"245b32e7\" data-element_type=\"section\" data-settings=\"{&quot;stretch_section&quot;:&quot;section-stretched&quot;,&quot;background_background&quot;:&quot;classic&quot;}\">\n\t\t\t\t\t\t<div class=\"elementor-container elementor-column-gap-default\">\n\t\t\t\t\t<div class=\"elementor-column elementor-col-33 elementor-top-column elementor-element elementor-element-1c9cc9a7\" data-id=\"1c9cc9a7\" data-element_type=\"column\">\n\t\t\t<div class=\"elementor-widget-wrap elementor-element-populated\">\n\t\t\t\t\t\t\t\t<div class=\"elementor-element elementor-element-35b65777 elementor-widget elementor-widget-heading\" data-id=\"35b65777\" data-element_type=\"widget\" data-widget_type=\"heading.default\">\n\t\t\t\t<div class=\"elementor-widget-container\">\n\t\t\t<h2 class=\"elementor-heading-title elementor-size-default\"><a href=\"https:\/\/bibi-evo.com\/index.php\/mentions-legales\/\">Mentions l\u00e9gales<\/a><\/h2>\t\t<\/div>\n\t\t\t\t<\/div>\n\t\t\t\t\t<\/div>\n\t\t<\/div>\n\t\t\t\t<div class=\"elementor-column elementor-col-33 elementor-top-column elementor-element elementor-element-58b2802e\" data-id=\"58b2802e\" data-element_type=\"column\">\n\t\t\t<div class=\"elementor-widget-wrap elementor-element-populated\">\n\t\t\t\t\t\t\t\t<div class=\"elementor-element elementor-element-77322e61 elementor-widget elementor-widget-heading\" data-id=\"77322e61\" data-element_type=\"widget\" data-widget_type=\"heading.default\">\n\t\t\t\t<div class=\"elementor-widget-container\">\n\t\t\t<h2 class=\"elementor-heading-title elementor-size-default\"><a href=\"https:\/\/bibi-evo.com\/index.php\/politique-de-confidentialite\/\">Politique de confidentialit\u00e9 <\/a><\/h2>\t\t<\/div>\n\t\t\t\t<\/div>\n\t\t\t\t\t<\/div>\n\t\t<\/div>\n\t\t\t\t<div class=\"elementor-column elementor-col-33 elementor-top-column elementor-element elementor-element-6a98708d\" data-id=\"6a98708d\" data-element_type=\"column\">\n\t\t\t<div class=\"elementor-widget-wrap elementor-element-populated\">\n\t\t\t\t\t\t\t\t<div class=\"elementor-element elementor-element-4db0c528 elementor-widget elementor-widget-heading\" data-id=\"4db0c528\" data-element_type=\"widget\" data-widget_type=\"heading.default\">\n\t\t\t\t<div class=\"elementor-widget-container\">\n\t\t\t<h2 class=\"elementor-heading-title elementor-size-default\"><a href=\"https:\/\/bibi-evo.com\/index.php\/cgv-cgu\/\">CGV CGU<\/a><\/h2>\t\t<\/div>\n\t\t\t\t<\/div>\n\t\t\t\t\t<\/div>\n\t\t<\/div>\n\t\t\t\t\t\t\t<\/div>\n\t\t<\/section>\n\t\t\t\t\t\t\t<\/div>\n\t\t","protected":false},"excerpt":{"rendered":"<p>MENTIONS L\u00c9GALES Conform\u00e9ment aux disposi2ons de la loi n\u00b0 2004-575 du 21 juin 2004 pour la confiance en l&rsquo;\u00e9conomie num\u00e9rique, il est pr\u00e9cis\u00e9 aux u2lisateurs du site Bibi Evo l&rsquo;iden2t\u00e9 des diff\u00e9rents intervenants dans le cadre de sa r\u00e9alisa2on et de son suivi.Edi$on du site Le pr\u00e9sent site, accessible \u00e0 l\u2019URL www.bibi-evo.com (le \u00ab Site [&hellip;]<\/p>\n","protected":false},"author":1,"featured_media":0,"parent":0,"menu_order":0,"comment_status":"closed","ping_status":"closed","template":"","meta":{"footnotes":""},"class_list":["post-382","page","type-page","status-publish","hentry","entry","owp-thumbs-layout-horizontal","owp-btn-normal","owp-tabs-layout-section","has-no-thumbnails"],"_links":{"self":[{"href":"https:\/\/bibi-evo.com\/index.php\/wp-json\/wp\/v2\/pages\/382"}],"collection":[{"href":"https:\/\/bibi-evo.com\/index.php\/wp-json\/wp\/v2\/pages"}],"about":[{"href":"https:\/\/bibi-evo.com\/index.php\/wp-json\/wp\/v2\/types\/page"}],"author":[{"embeddable":true,"href":"https:\/\/bibi-evo.com\/index.php\/wp-json\/wp\/v2\/users\/1"}],"replies":[{"embeddable":true,"href":"https:\/\/bibi-evo.com\/index.php\/wp-json\/wp\/v2\/comments?post=382"}],"version-history":[{"count":8,"href":"https:\/\/bibi-evo.com\/index.php\/wp-json\/wp\/v2\/pages\/382\/revisions"}],"predecessor-version":[{"id":450,"href":"https:\/\/bibi-evo.com\/index.php\/wp-json\/wp\/v2\/pages\/382\/revisions\/450"}],"wp:attachment":[{"href":"https:\/\/bibi-evo.com\/index.php\/wp-json\/wp\/v2\/media?parent=382"}],"curies":[{"name":"wp","href":"https:\/\/api.w.org\/{rel}","templated":true}]}}